{"id":31,"date":"2024-06-19T14:22:47","date_gmt":"2024-06-19T12:22:47","guid":{"rendered":"http:\/\/www.aide-camping-car.fr\/?page_id=31"},"modified":"2024-06-19T14:22:47","modified_gmt":"2024-06-19T12:22:47","slug":"bonjour-tout-le-monde","status":"publish","type":"page","link":"https:\/\/www.aide-camping-car.fr\/","title":{"rendered":"Bonjour tout le Monde"},"content":{"rendered":"\n<p>Bienvenue sur mon site d&rsquo;aide pour les camping caristes qui veulent bricoler par eux m\u00eame.<\/p>\n\n\n\n<p>Je vais aborder la vie de mon vieux p\u00e9p\u00e8re de plus de 30 ans que j&rsquo;essaye d&rsquo;entretenir par moi m\u00eame et de faire \u00e9voluer.<\/p>\n\n\n\n<p>Vous trouverez ce que j&rsquo;ai fait comme am\u00e9liorations, pourquoi et quel mat\u00e9riel j&rsquo;ai choisi.<\/p>\n\n\n\n<p>Bonne visite.<\/p>\n","protected":false},"excerpt":{"rendered":"<p>Bienvenue sur mon site d&rsquo;aide pour les camping caristes qui veulent bricoler par eux m\u00eame. Je vais aborder la vie de mon vieux p\u00e9p\u00e8re de [&hellip;]<\/p>\n","protected":false},"author":2,"featured_media":0,"parent":0,"menu_order":0,"comment_status":"closed","ping_status":"closed","template":"","meta":{"_bbp_topic_count":0,"_bbp_reply_count":0,"_bbp_total_topic_count":0,"_bbp_total_reply_count":0,"_bbp_voice_count":0,"_bbp_anonymous_reply_count":0,"_bbp_topic_count_hidden":0,"_bbp_reply_count_hidden":0,"_bbp_forum_subforum_count":0,"footnotes":""},"class_list":["post-31","page","type-page","status-publish","hentry"],"_links":{"self":[{"href":"https:\/\/www.aide-camping-car.fr\/index.php\/wp-json\/wp\/v2\/pages\/31","targetHints":{"allow":["GET"]}}],"collection":[{"href":"https:\/\/www.aide-camping-car.fr\/index.php\/wp-json\/wp\/v2\/pages"}],"about":[{"href":"https:\/\/www.aide-camping-car.fr\/index.php\/wp-json\/wp\/v2\/types\/page"}],"author":[{"embeddable":true,"href":"https:\/\/www.aide-camping-car.fr\/index.php\/wp-json\/wp\/v2\/users\/2"}],"replies":[{"embeddable":true,"href":"https:\/\/www.aide-camping-car.fr\/index.php\/wp-json\/wp\/v2\/comments?post=31"}],"version-history":[{"count":1,"href":"https:\/\/www.aide-camping-car.fr\/index.php\/wp-json\/wp\/v2\/pages\/31\/revisions"}],"predecessor-version":[{"id":32,"href":"https:\/\/www.aide-camping-car.fr\/index.php\/wp-json\/wp\/v2\/pages\/31\/revisions\/32"}],"wp:attachment":[{"href":"https:\/\/www.aide-camping-car.fr\/index.php\/wp-json\/wp\/v2\/media?parent=31"}],"curies":[{"name":"wp","href":"https:\/\/api.w.org\/{rel}","templated":true}]}}