{"id":19,"date":"2024-06-19T13:50:55","date_gmt":"2024-06-19T11:50:55","guid":{"rendered":"http:\/\/www.aide-camping-car.fr\/?page_id=19"},"modified":"2024-06-19T13:50:55","modified_gmt":"2024-06-19T11:50:55","slug":"lelectricite-a-bord","status":"publish","type":"page","link":"https:\/\/www.aide-camping-car.fr\/index.php\/lelectricite-a-bord\/","title":{"rendered":"L&rsquo;\u00e9lectricit\u00e9 \u00e0 bord"},"content":{"rendered":"\n<p>Dans cette page vous trouverez des d\u00e9tails sur mon installation \u00e9lectrique, mes choix en mat\u00e9riel&#8230;<\/p>\n","protected":false},"excerpt":{"rendered":"<p>Dans cette page vous trouverez des d\u00e9tails sur mon installation \u00e9lectrique, mes choix en mat\u00e9riel&#8230;<\/p>\n","protected":false},"author":2,"featured_media":0,"parent":0,"menu_order":0,"comment_status":"closed","ping_status":"closed","template":"","meta":{"_bbp_topic_count":0,"_bbp_reply_count":0,"_bbp_total_topic_count":0,"_bbp_total_reply_count":0,"_bbp_voice_count":0,"_bbp_anonymous_reply_count":0,"_bbp_topic_count_hidden":0,"_bbp_reply_count_hidden":0,"_bbp_forum_subforum_count":0,"footnotes":""},"class_list":["post-19","page","type-page","status-publish","hentry"],"_links":{"self":[{"href":"https:\/\/www.aide-camping-car.fr\/index.php\/wp-json\/wp\/v2\/pages\/19","targetHints":{"allow":["GET"]}}],"collection":[{"href":"https:\/\/www.aide-camping-car.fr\/index.php\/wp-json\/wp\/v2\/pages"}],"about":[{"href":"https:\/\/www.aide-camping-car.fr\/index.php\/wp-json\/wp\/v2\/types\/page"}],"author":[{"embeddable":true,"href":"https:\/\/www.aide-camping-car.fr\/index.php\/wp-json\/wp\/v2\/users\/2"}],"replies":[{"embeddable":true,"href":"https:\/\/www.aide-camping-car.fr\/index.php\/wp-json\/wp\/v2\/comments?post=19"}],"version-history":[{"count":1,"href":"https:\/\/www.aide-camping-car.fr\/index.php\/wp-json\/wp\/v2\/pages\/19\/revisions"}],"predecessor-version":[{"id":20,"href":"https:\/\/www.aide-camping-car.fr\/index.php\/wp-json\/wp\/v2\/pages\/19\/revisions\/20"}],"wp:attachment":[{"href":"https:\/\/www.aide-camping-car.fr\/index.php\/wp-json\/wp\/v2\/media?parent=19"}],"curies":[{"name":"wp","href":"https:\/\/api.w.org\/{rel}","templated":true}]}}